{"id":3,"date":"2024-09-14T15:43:55","date_gmt":"2024-09-14T15:43:55","guid":{"rendered":"https:\/\/alinadobre.ro\/?page_id=3"},"modified":"2024-09-15T12:27:08","modified_gmt":"2024-09-15T12:27:08","slug":"privacy-policy","status":"publish","type":"page","link":"https:\/\/alinadobre.ro\/?page_id=3","title":{"rendered":"Termeni \u0219i condi\u021bii"},"content":{"rendered":"\n<h2 class=\"wp-block-heading\"><\/h2>\n\n\n\n<p>Termenii si conditii de utilizare a sitului alinadobre.ro<\/p>\n\n\n\n<h2 class=\"wp-block-heading\">Acceptarea conditiilor<\/h2>\n\n\n\n<p>Prin accesarea acestui site web si\/sau a oricarei pagini a acestuia sunteti de acord cu aceste conditii de utilizare. Daca nu sunteti de acord cu acesti termeni si conditii de utilizare, nu accesati acest site.<\/p>\n\n\n\n<h2 class=\"wp-block-heading\">Descrierea serviciilor<\/h2>\n\n\n\n<p>Alinadobre.ro pune la dispozitie informatiile din acest site web in scop informativ general, si nu garanteaza de exactitatea lor la un moment dat, desi se va incerca pe cat posibil ca la publicarea lor pe site toate informatiile sa fie exacte.<\/p>\n\n\n\n<h2 class=\"wp-block-heading\">Neangajarea raspunderii<\/h2>\n\n\n\n<p>Echipa si site-ul alinadobre.ro nu pot fi facute raspunzatoare in nici un fel de pierderile sau daunele pe care cineva le-ar putea suferi ca urmare a folosirii in vreun fel a informatiilor prezentate in acest site web.<\/p>\n\n\n\n<p>Alinadobre.ro nu garanteaza in nici un fel acurate\u0163ea, gradul de utilitate sau caracterul complet al informatiilor sau al materialelor cuprinse in acest site. Alinadobre.ro nu garanteaza rezultatele ce s-ar putea ob\u0163ine din utilizarea informatiilor prezentate prin intermediul acestui site \u015fi nici disponibilitatea spre folosire a oricaror informatii prezente pe site.<\/p>\n\n\n\n<p>Alinadobre.ro nu isi asuma nici o responsabilitate pentru continutul nici unui material prezntat pe acest site. Acestea sunt prezentate in scop informativ si fiind considerate ca fiind utile.<\/p>\n\n\n\n<p>Alinadobre.ro nu poate fi tras la raspundere pentru materialele prezente pe site, acestea sunt prezntate in scop informativ, nu in scop comercial.<\/p>\n\n\n\n<h2 class=\"wp-block-heading\">Reguli generale<\/h2>\n\n\n\n<p>Orice utilizator care viziteaz\u0103 acest site o face pe propria raspundere. Materialele \u015fi informatiile continute in acest sit sunt furnizate \u00een scop de informare generala, nefiind \u00eensotite de nici un fel de garan\u0163ii, explicite sau implicite.<\/p>\n\n\n\n<h2 class=\"wp-block-heading\">Limitari de ordin tehnic ale serviciilor<\/h2>\n\n\n\n<p>Alinadobre.ro nu isi asuma nici o responsabilitate in cazul in care serviciile sitului nu pot fi accesate de catre utilizatori, pe o perioada nelimitata\/nedeterminata de timp, din orice motive tehnice sau comerciale.<\/p>\n\n\n\n<h2 class=\"wp-block-heading\">Incheierea acordului<\/h2>\n\n\n\n<p>Alinadobre.ro isi rezerva dreptul de a schimba termenii, conditiile \u015fi politicile in orice moment fara a anunta in prealabil, prin urmare sunteti rugat sa revedeti in mod regulat aceasta sectiune pentru a fi la curent cu modificarile aduse.<\/p>\n","protected":false},"excerpt":{"rendered":"<p>Termenii si conditii de utilizare a sitului alinadobre.ro Acceptarea conditiilor Prin accesarea acestui site web si\/sau a oricarei pagini a acestuia sunteti de acord cu aceste conditii de utilizare. Daca nu sunteti de acord cu acesti termeni si conditii de utilizare, nu accesati acest site. Descrierea serviciilor Alinadobre.ro pune la dispozitie informatiile din acest site [&hellip;]<\/p>\n","protected":false},"author":1,"featured_media":0,"parent":0,"menu_order":0,"comment_status":"closed","ping_status":"open","template":"","meta":{"footnotes":""},"class_list":["post-3","page","type-page","status-publish","hentry"],"_links":{"self":[{"href":"https:\/\/alinadobre.ro\/index.php?rest_route=\/wp\/v2\/pages\/3","targetHints":{"allow":["GET"]}}],"collection":[{"href":"https:\/\/alinadobre.ro\/index.php?rest_route=\/wp\/v2\/pages"}],"about":[{"href":"https:\/\/alinadobre.ro\/index.php?rest_route=\/wp\/v2\/types\/page"}],"author":[{"embeddable":true,"href":"https:\/\/alinadobre.ro\/index.php?rest_route=\/wp\/v2\/users\/1"}],"replies":[{"embeddable":true,"href":"https:\/\/alinadobre.ro\/index.php?rest_route=%2Fwp%2Fv2%2Fcomments&post=3"}],"version-history":[{"count":1,"href":"https:\/\/alinadobre.ro\/index.php?rest_route=\/wp\/v2\/pages\/3\/revisions"}],"predecessor-version":[{"id":31,"href":"https:\/\/alinadobre.ro\/index.php?rest_route=\/wp\/v2\/pages\/3\/revisions\/31"}],"wp:attachment":[{"href":"https:\/\/alinadobre.ro\/index.php?rest_route=%2Fwp%2Fv2%2Fmedia&parent=3"}],"curies":[{"name":"wp","href":"https:\/\/api.w.org\/{rel}","templated":true}]}}