{"id":2,"date":"2024-09-14T15:43:55","date_gmt":"2024-09-14T15:43:55","guid":{"rendered":"https:\/\/alinadobre.ro\/?page_id=2"},"modified":"2024-09-15T12:12:43","modified_gmt":"2024-09-15T12:12:43","slug":"sample-page","status":"publish","type":"page","link":"https:\/\/alinadobre.ro\/?page_id=2","title":{"rendered":"Despre mine"},"content":{"rendered":"<div class=\"wp-block-image is-style-default\">\n<figure class=\"alignleft size-medium is-resized\"><img loading=\"lazy\" decoding=\"async\" width=\"226\" height=\"300\" src=\"https:\/\/alinadobre.ro\/wp-content\/uploads\/2024\/09\/drdobrealinamaria-pediatrie-tm-ro-image-226x300.jpg\" alt=\"\" class=\"wp-image-28\" style=\"width:195px;height:auto\" srcset=\"https:\/\/alinadobre.ro\/wp-content\/uploads\/2024\/09\/drdobrealinamaria-pediatrie-tm-ro-image-226x300.jpg 226w, https:\/\/alinadobre.ro\/wp-content\/uploads\/2024\/09\/drdobrealinamaria-pediatrie-tm-ro-image.jpg 250w\" sizes=\"auto, (max-width: 226px) 100vw, 226px\" \/><\/figure>\n<\/div>\n\n\n<p>Numele meu este Alina Dobre \u0219i sunt medic primar pediatru.<\/p>\n\n\n\n<p>Mi-am dorit dintotdeauna s\u0103 pot s\u0103-i ajut pe cei din jurul meu, \u0219i in special pe cei mici, care nu \u0219tiu \u00eentotdeauna s\u0103 spun\u0103 ce problem\u0103 au. <\/p>\n\n\n\n<p>De asemenea, m\u0103 bucur c\u00e2nd pot s\u0103-i ajut pe p\u0103rin\u021bi s\u0103 poat\u0103 oferi cea mai bun\u0103 \u00eengrijire copiilor lor. \u0218i eu sunt mam\u0103 \u0219i \u00een\u021beleg situa\u021biile dificile ce pot ap\u0103rea \u0219i c\u00e2t de complicat poate fi uneori s\u0103 le faci fa\u021b\u0103.<br><br>Cu ce v\u0103 pot ajuta:<\/p>\n\n\n\n<ul class=\"wp-block-list\">\n<li>consulta\u021bii ini\u021biale \u0219i de control<\/li>\n\n\n\n<li>interpretare analize<\/li>\n\n\n\n<li>monitorizarea dezvolt\u0103rii normale a copilului<\/li>\n\n\n\n<li>consiliere legat\u0103 de regimul alimentar potrivit, adaptat fiecarui copil<\/li>\n\n\n\n<li>recomand\u0103ri legate de gestionarea diferitelor situa\u021bii medicale<\/li>\n\n\n\n<li>ecografie abdominal\u0103<\/li>\n\n\n\n<li>ecografie transfontanelar\u0103<\/li>\n\n\n\n<li>ecografie de \u0219old<\/li>\n<\/ul>\n","protected":false},"excerpt":{"rendered":"<p>Numele meu este Alina Dobre \u0219i sunt medic primar pediatru. Mi-am dorit dintotdeauna s\u0103 pot s\u0103-i ajut pe cei din jurul meu, \u0219i in special pe cei mici, care nu \u0219tiu \u00eentotdeauna s\u0103 spun\u0103 ce problem\u0103 au. De asemenea, m\u0103 bucur c\u00e2nd pot s\u0103-i ajut pe p\u0103rin\u021bi s\u0103 poat\u0103 oferi cea mai bun\u0103 \u00eengrijire copiilor [&hellip;]<\/p>\n","protected":false},"author":1,"featured_media":0,"parent":0,"menu_order":0,"comment_status":"closed","ping_status":"open","template":"","meta":{"footnotes":""},"class_list":["post-2","page","type-page","status-publish","hentry"],"_links":{"self":[{"href":"https:\/\/alinadobre.ro\/index.php?rest_route=\/wp\/v2\/pages\/2","targetHints":{"allow":["GET"]}}],"collection":[{"href":"https:\/\/alinadobre.ro\/index.php?rest_route=\/wp\/v2\/pages"}],"about":[{"href":"https:\/\/alinadobre.ro\/index.php?rest_route=\/wp\/v2\/types\/page"}],"author":[{"embeddable":true,"href":"https:\/\/alinadobre.ro\/index.php?rest_route=\/wp\/v2\/users\/1"}],"replies":[{"embeddable":true,"href":"https:\/\/alinadobre.ro\/index.php?rest_route=%2Fwp%2Fv2%2Fcomments&post=2"}],"version-history":[{"count":3,"href":"https:\/\/alinadobre.ro\/index.php?rest_route=\/wp\/v2\/pages\/2\/revisions"}],"predecessor-version":[{"id":30,"href":"https:\/\/alinadobre.ro\/index.php?rest_route=\/wp\/v2\/pages\/2\/revisions\/30"}],"wp:attachment":[{"href":"https:\/\/alinadobre.ro\/index.php?rest_route=%2Fwp%2Fv2%2Fmedia&parent=2"}],"curies":[{"name":"wp","href":"https:\/\/api.w.org\/{rel}","templated":true}]}}